{"id":6453,"date":"2025-01-28T15:09:02","date_gmt":"2025-01-28T18:09:02","guid":{"rendered":"https:\/\/ewerthonacademy.com\/?page_id=6453"},"modified":"2025-01-28T18:25:08","modified_gmt":"2025-01-28T21:25:08","slug":"jogadores","status":"publish","type":"page","link":"https:\/\/ewerthonacademy.com\/?page_id=6453","title":{"rendered":"Jogadores"},"content":{"rendered":"[vc_row type=&#8221;full_width_content&#8221; full_screen_row_position=&#8221;middle&#8221; column_margin=&#8221;default&#8221; column_direction=&#8221;default&#8221; column_direction_tablet=&#8221;default&#8221; column_direction_phone=&#8221;default&#8221; scene_position=&#8221;center&#8221; top_padding=&#8221;5%&#8221; bottom_padding=&#8221;5%&#8221; left_padding_desktop=&#8221;6%&#8221; constrain_group_2=&#8221;yes&#8221; right_padding_desktop=&#8221;6%&#8221; top_padding_tablet=&#8221;10%&#8221; constrain_group_3=&#8221;yes&#8221; bottom_padding_tablet=&#8221;10%&#8221; text_color=&#8221;dark&#8221; text_align=&#8221;left&#8221; row_border_radius=&#8221;none&#8221; row_border_radius_applies=&#8221;bg&#8221; overflow=&#8221;visible&#8221; id=&#8221;team&#8221; advanced_gradient_angle=&#8221;0&#8243; overlay_strength=&#8221;0.3&#8243; gradient_direction=&#8221;left_to_right&#8221; shape_divider_position=&#8221;bottom&#8221; bg_image_animation=&#8221;none&#8221; gradient_type=&#8221;default&#8221; shape_type=&#8221;&#8221;][vc_column column_padding=&#8221;no-extra-padding&#8221; column_padding_tablet=&#8221;inherit&#8221; column_padding_phone=&#8221;inherit&#8221; column_padding_position=&#8221;all&#8221; column_element_direction_desktop=&#8221;default&#8221; column_element_spacing=&#8221;default&#8221; desktop_text_alignment=&#8221;default&#8221; tablet_text_alignment=&#8221;default&#8221; phone_text_alignment=&#8221;default&#8221; sticky_content=&#8221;true&#8221; sticky_content_functionality=&#8221;css&#8221; sticky_content_alignment=&#8221;default&#8221; background_color_opacity=&#8221;1&#8243; background_hover_color_opacity=&#8221;1&#8243; column_backdrop_filter=&#8221;none&#8221; column_shadow=&#8221;none&#8221; column_border_radius=&#8221;none&#8221; column_link_target=&#8221;_self&#8221; column_position=&#8221;default&#8221; advanced_gradient_angle=&#8221;0&#8243; gradient_direction=&#8221;left_to_right&#8221; overlay_strength=&#8221;0.3&#8243; width=&#8221;1\/3&#8243; tablet_width_inherit=&#8221;default&#8221; animation_type=&#8221;default&#8221; enable_animation=&#8221;true&#8221; animation=&#8221;fade-in-from-bottom&#8221; animation_easing=&#8221;default&#8221; bg_image_animation=&#8221;none&#8221; border_type=&#8221;simple&#8221; column_border_width=&#8221;none&#8221; column_border_style=&#8221;solid&#8221; gradient_type=&#8221;default&#8221;][nectar_highlighted_text text_color=&#8221;#092f75&#8243; scribble_color=&#8221;#ffce59&#8243; style=&#8221;scribble&#8221; scribble_shape=&#8221;squiggle-underline-2&#8243; scribble_thickness=&#8221;thick&#8221; scribble_speed=&#8221;1.8s&#8221; scribble_easing=&#8221;ease_in_out&#8221; custom_font_size=&#8221;4vw&#8221; text_direction=&#8221;default&#8221;]\n<h1>Nossos <em>Jogadores<\/em><\/h1>\n[\/nectar_highlighted_text][divider line_type=&#8221;No Line&#8221;][vc_column_text css=&#8221;&#8221; text_direction=&#8221;default&#8221;]\n<h3>Conhe\u00e7a os jogadores que apoiam e j\u00e1 participaram dos nossos eventos.<\/h3>\n[\/vc_column_text][\/vc_column][vc_column column_padding=&#8221;padding-6-percent&#8221; column_padding_tablet=&#8221;no-extra-padding&#8221; column_padding_phone=&#8221;no-extra-padding&#8221; column_padding_position=&#8221;left&#8221; column_element_direction_desktop=&#8221;default&#8221; column_element_spacing=&#8221;0px&#8221; desktop_text_alignment=&#8221;default&#8221; tablet_text_alignment=&#8221;default&#8221; phone_text_alignment=&#8221;default&#8221; background_color_opacity=&#8221;1&#8243; background_hover_color_opacity=&#8221;1&#8243; column_backdrop_filter=&#8221;none&#8221; column_shadow=&#8221;none&#8221; column_border_radius=&#8221;none&#8221; column_link_target=&#8221;_self&#8221; column_position=&#8221;default&#8221; advanced_gradient_angle=&#8221;0&#8243; gradient_direction=&#8221;left_to_right&#8221; overlay_strength=&#8221;0.3&#8243; width=&#8221;2\/3&#8243; tablet_width_inherit=&#8221;default&#8221; animation_type=&#8221;default&#8221; bg_image_animation=&#8221;none&#8221; border_type=&#8221;simple&#8221; column_border_width=&#8221;none&#8221; column_border_style=&#8221;solid&#8221; gradient_type=&#8221;default&#8221;][vc_row_inner column_margin=&#8221;30px&#8221; column_direction=&#8221;default&#8221; column_direction_tablet=&#8221;default&#8221; column_direction_phone=&#8221;default&#8221; bottom_padding=&#8221;20&#8243; top_padding_tablet=&#8221;40&#8243; bottom_padding_tablet=&#8221;0&#8243; text_align=&#8221;left&#8221; row_position=&#8221;default&#8221; row_position_tablet=&#8221;inherit&#8221; row_position_phone=&#8221;inherit&#8221; overflow=&#8221;visible&#8221; pointer_events=&#8221;all&#8221;][vc_column_inner column_padding=&#8221;no-extra-padding&#8221; column_padding_tablet=&#8221;inherit&#8221; column_padding_phone=&#8221;inherit&#8221; column_padding_position=&#8221;all&#8221; column_element_direction_desktop=&#8221;default&#8221; column_element_spacing=&#8221;default&#8221; desktop_text_alignment=&#8221;default&#8221; tablet_text_alignment=&#8221;default&#8221; phone_text_alignment=&#8221;default&#8221; background_color_opacity=&#8221;1&#8243; background_hover_color_opacity=&#8221;1&#8243; column_backdrop_filter=&#8221;none&#8221; column_shadow=&#8221;none&#8221; column_border_radius=&#8221;none&#8221; column_link_target=&#8221;_self&#8221; overflow=&#8221;visible&#8221; advanced_gradient_angle=&#8221;0&#8243; gradient_direction=&#8221;left_to_right&#8221; overlay_strength=&#8221;0.3&#8243; width=&#8221;1\/2&#8243; tablet_width_inherit=&#8221;small_desktop&#8221; animation_type=&#8221;default&#8221; bg_image_animation=&#8221;none&#8221; border_type=&#8221;simple&#8221; column_border_width=&#8221;none&#8221; column_border_style=&#8221;solid&#8221; gradient_type=&#8221;default&#8221;][team_member image_url=&#8221;6458&#8243; bio_alt_image_url=&#8221;6456&#8243; team_memeber_style=&#8221;bio_fullscreen_alt&#8221; bio_fullscreen_alt_parallax=&#8221;true&#8221; bio_fullscreen_alt_hide_link_arrow=&#8221;true&#8221; image_loading=&#8221;default&#8221; team_member_bio_full_html=&#8221;html&#8221; hide_link_arrow=&#8221;true&#8221; name=&#8221;Ewerthon Henrique de Souza&#8221; job_position=&#8221;@ewerthon8&#8243; image_size=&#8221;regular&#8221; social_icon_1=&#8221;fa fa-instagram&#8221; social_link_1=&#8221;https:\/\/www.instagram.com\/ewerthon8\/&#8221;]\n<div class=\"margin-small margin-xsmall\">\n<div class=\"margin-small margin-xsmall\">\n<div class=\"text-size-medium-2\"><strong>Data de Nascimento:<\/strong> 10 de junho de 1981<br \/>\n<strong>Local:<\/strong> S\u00e3o Paulo, Brasil<\/div>\n<\/div>\n<p class=\"margin-bottom\"><strong>Carreira:<\/strong> Ewerthon iniciou sua carreira no Corinthians e, em 2001, transferiu-se para o Borussia Dortmund, onde ajudou o clube a vencer a Bundesliga (2001-2002). Conhecido por sua velocidade e habilidade t\u00e9cnica, jogou tamb\u00e9m no Zaragoza, Espanyol, Stuttgart, Terek Grozny e diversos clubes no Brasil e no exterior.<\/p>\n<p class=\"margin-bottom\"><strong>Principais Conquistas:<\/strong><br \/>\nBundesliga (2001-2002) com o Borussia Dortmund<br \/>\nDiversos pr\u00eamios e reconhecimentos individuais<\/p>\n<p><strong>P\u00f3s-Carreira:<\/strong><br \/>\nAp\u00f3s se aposentar, Ewerthon fundou a Ewerthon Academy, dedicando-se ao desenvolvimento de jovens talentos no futebol, compartilhando sua experi\u00eancia e conhecimento com a pr\u00f3xima gera\u00e7\u00e3o de jogadores.<\/p>\n<\/div>\n[\/team_member][\/vc_column_inner][vc_column_inner column_padding=&#8221;no-extra-padding&#8221; column_padding_tablet=&#8221;inherit&#8221; column_padding_phone=&#8221;inherit&#8221; column_padding_position=&#8221;all&#8221; column_element_direction_desktop=&#8221;default&#8221; column_element_spacing=&#8221;default&#8221; desktop_text_alignment=&#8221;default&#8221; tablet_text_alignment=&#8221;default&#8221; phone_text_alignment=&#8221;default&#8221; background_color_opacity=&#8221;1&#8243; background_hover_color_opacity=&#8221;1&#8243; column_backdrop_filter=&#8221;none&#8221; column_shadow=&#8221;none&#8221; column_border_radius=&#8221;none&#8221; column_link_target=&#8221;_self&#8221; overflow=&#8221;visible&#8221; advanced_gradient_angle=&#8221;0&#8243; gradient_direction=&#8221;left_to_right&#8221; overlay_strength=&#8221;0.3&#8243; width=&#8221;1\/2&#8243; tablet_width_inherit=&#8221;small_desktop&#8221; animation_type=&#8221;default&#8221; bg_image_animation=&#8221;none&#8221; border_type=&#8221;simple&#8221; column_border_width=&#8221;none&#8221; column_border_style=&#8221;solid&#8221; gradient_type=&#8221;default&#8221;][team_member image_url=&#8221;6455&#8243; bio_alt_image_url=&#8221;6455&#8243; team_memeber_style=&#8221;bio_fullscreen_alt&#8221; bio_fullscreen_alt_parallax=&#8221;true&#8221; bio_fullscreen_alt_hide_link_arrow=&#8221;true&#8221; image_loading=&#8221;default&#8221; team_member_bio_full_html=&#8221;html&#8221; hide_link_arrow=&#8221;true&#8221; name=&#8221;Alexandre da Silva Mariano&#8221; job_position=&#8221;@amaralzinho5&#8243; image_size=&#8221;regular&#8221; social_icon_1=&#8221;fa fa-instagram&#8221; social_link_1=&#8221;https:\/\/www.instagram.com\/amaralzinho5\/&#8221;]\n<div class=\"margin-small margin-xsmall\">\n<div class=\"text-size-medium-2\"><strong>Data de Nascimento:<\/strong> 28 de fevereiro de 1973<br \/>\n<strong>Local:<\/strong> Capivari, SP, Brasil<\/div>\n<\/div>\n<p class=\"margin-bottom\"><strong>Carreira: <\/strong>Amaral come\u00e7ou sua carreira no Palmeiras, onde se destacou na d\u00e9cada de 1990, conquistando o bicampeonato paulista e brasileiro (1993 e 1994). Como um volante talentoso, foi chamado para a sele\u00e7\u00e3o ol\u00edmpica em 1996, onde conquistou a medalha de bronze. Ele tamb\u00e9m jogou por Corinthians, Vasco, Gr\u00eamio, entre outros clubes no Brasil e exterior.<\/p>\n<p class=\"margin-bottom\"><strong>Principais Conquistas:<\/strong><br \/>\nBicampeonato Paulista (1993, 1994) com o Palmeiras<br \/>\nBicampeonato Brasileiro (1993, 1994) com o Palmeiras<br \/>\nMedalha de Bronze nas Olimp\u00edadas de Atlanta (1996) com a Sele\u00e7\u00e3o Brasileira<\/p>\n<p class=\"margin-bottom\"><strong>P\u00f3s-Carreira:<\/strong><br \/>\nAp\u00f3s se aposentar, Amaral se envolveu em projetos sociais e de desenvolvimento de jovens talentos no futebol, mantendo-se ativo no meio esportivo e contribuindo com sua vasta experi\u00eancia.<\/p>\n[\/team_member][\/vc_column_inner][\/vc_row_inner][vc_row_inner column_margin=&#8221;30px&#8221; column_direction=&#8221;default&#8221; column_direction_tablet=&#8221;default&#8221; column_direction_phone=&#8221;default&#8221; bottom_padding=&#8221;20&#8243; top_padding_tablet=&#8221;40&#8243; bottom_padding_tablet=&#8221;0&#8243; text_align=&#8221;left&#8221; row_position=&#8221;default&#8221; row_position_tablet=&#8221;inherit&#8221; row_position_phone=&#8221;inherit&#8221; overflow=&#8221;visible&#8221; pointer_events=&#8221;all&#8221;][vc_column_inner column_padding=&#8221;no-extra-padding&#8221; column_padding_tablet=&#8221;inherit&#8221; column_padding_phone=&#8221;inherit&#8221; column_padding_position=&#8221;all&#8221; column_element_direction_desktop=&#8221;default&#8221; column_element_spacing=&#8221;default&#8221; desktop_text_alignment=&#8221;default&#8221; tablet_text_alignment=&#8221;default&#8221; phone_text_alignment=&#8221;default&#8221; background_color_opacity=&#8221;1&#8243; background_hover_color_opacity=&#8221;1&#8243; column_backdrop_filter=&#8221;none&#8221; column_shadow=&#8221;none&#8221; column_border_radius=&#8221;none&#8221; column_link_target=&#8221;_self&#8221; overflow=&#8221;visible&#8221; advanced_gradient_angle=&#8221;0&#8243; gradient_direction=&#8221;left_to_right&#8221; overlay_strength=&#8221;0.3&#8243; width=&#8221;1\/2&#8243; tablet_width_inherit=&#8221;small_desktop&#8221; animation_type=&#8221;default&#8221; bg_image_animation=&#8221;none&#8221; border_type=&#8221;simple&#8221; column_border_width=&#8221;none&#8221; column_border_style=&#8221;solid&#8221; gradient_type=&#8221;default&#8221;][team_member image_url=&#8221;6463&#8243; bio_alt_image_url=&#8221;6463&#8243; team_memeber_style=&#8221;bio_fullscreen_alt&#8221; bio_fullscreen_alt_parallax=&#8221;true&#8221; bio_fullscreen_alt_hide_link_arrow=&#8221;true&#8221; image_loading=&#8221;default&#8221; team_member_bio_full_html=&#8221;html&#8221; hide_link_arrow=&#8221;true&#8221; name=&#8221;M\u00e1rcio Amoroso dos Santos&#8221; job_position=&#8221;@amoroso&#8221; image_size=&#8221;regular&#8221; social_icon_1=&#8221;fa fa-instagram&#8221; social_link_1=&#8221;https:\/\/www.instagram.com\/amoroso\/&#8221;]\n<div class=\"margin-small margin-xsmall\">\n<div class=\"text-size-medium-2\"><strong>Data de Nascimento:<\/strong> 5 de julho de 1974<br \/>\n<strong>Local:<\/strong> Bras\u00edlia, Brasil<\/div>\n<\/div>\n<p class=\"margin-bottom\"><strong>Carreira:<\/strong> Amoroso come\u00e7ou no Guarani e se destacou como um talentoso atacante. Transferiu-se para a Udinese, onde foi artilheiro da Serie A em 1998-1999. Em 2001, foi para o Borussia Dortmund, conquistando a Bundesliga (2001-2002) ao lado de Ewerthon. Tamb\u00e9m jogou por Parma, M\u00e1laga, S\u00e3o Paulo, Flamengo, Gr\u00eamio, entre outros.<\/p>\n<p class=\"margin-bottom\"><strong>Principais Conquistas:<\/strong><br \/>\nArtilheiro da Serie A (1998-1999)<br \/>\nBundesliga (2001-2002) com o Borussia Dortmund<br \/>\nCopa Libertadores (2005) com o S\u00e3o Paulo<br \/>\nMundial de Clubes da FIFA (2005) com o S\u00e3o Paulo<\/p>\n<p class=\"margin-bottom\"><strong>P\u00f3s-Carreira:<\/strong><br \/>\nAp\u00f3s se aposentar, Amoroso se envolveu em projetos de futebol e empresariais, contribuindo para o desenvolvimento de jovens jogadores e trabalhando na m\u00eddia.<\/p>\n[\/team_member][\/vc_column_inner][vc_column_inner column_padding=&#8221;no-extra-padding&#8221; column_padding_tablet=&#8221;inherit&#8221; column_padding_phone=&#8221;inherit&#8221; column_padding_position=&#8221;all&#8221; column_element_direction_desktop=&#8221;default&#8221; column_element_spacing=&#8221;default&#8221; desktop_text_alignment=&#8221;default&#8221; tablet_text_alignment=&#8221;default&#8221; phone_text_alignment=&#8221;default&#8221; background_color_opacity=&#8221;1&#8243; background_hover_color_opacity=&#8221;1&#8243; column_backdrop_filter=&#8221;none&#8221; column_shadow=&#8221;none&#8221; column_border_radius=&#8221;none&#8221; column_link_target=&#8221;_self&#8221; overflow=&#8221;visible&#8221; advanced_gradient_angle=&#8221;0&#8243; gradient_direction=&#8221;left_to_right&#8221; overlay_strength=&#8221;0.3&#8243; width=&#8221;1\/2&#8243; tablet_width_inherit=&#8221;small_desktop&#8221; animation_type=&#8221;default&#8221; bg_image_animation=&#8221;none&#8221; border_type=&#8221;simple&#8221; column_border_width=&#8221;none&#8221; column_border_style=&#8221;solid&#8221; gradient_type=&#8221;default&#8221;][team_member image_url=&#8221;6477&#8243; bio_alt_image_url=&#8221;6477&#8243; team_memeber_style=&#8221;bio_fullscreen_alt&#8221; bio_fullscreen_alt_parallax=&#8221;true&#8221; bio_fullscreen_alt_hide_link_arrow=&#8221;true&#8221; image_loading=&#8221;default&#8221; team_member_bio_full_html=&#8221;html&#8221; hide_link_arrow=&#8221;true&#8221; name=&#8221;Rodrigo Barreto Pontes&#8221; job_position=&#8221;@rod_pontes&#8221; image_size=&#8221;regular&#8221; social_icon_1=&#8221;fa fa-instagram&#8221; social_link_1=&#8221;https:\/\/www.instagram.com\/rod_pontes&#8221;]\n<div class=\"margin-small margin-xsmall\">\n<div class=\"text-size-medium-2\"><strong>Data de Nascimento:<\/strong> 16 de fevereiro de 1981<br \/>\n<strong>Local:<\/strong> S\u00e3o Paulo, Brasil<\/div>\n<\/div>\n<p class=\"margin-bottom\"><strong>Carreira:<\/strong> Rodrigo Pontes iniciou sua carreira no Corinthians em 2000, disputando 44 jogos at\u00e9 2002. Embora tenha tido oportunidades espor\u00e1dicas, ele n\u00e3o se firmou como titular. Rodrigo jogou em diversos clubes no Brasil antes de se aposentar em 2012.<\/p>\n<p class=\"margin-bottom\"><strong>P\u00f3s-Carreira:<\/strong><br \/>\nAp\u00f3s se aposentar, Rodrigo Pontes se dedicou ao desenvolvimento de jovens talentos no futebol, compartilhando sua experi\u00eancia e conhecimento em cl\u00ednicas e eventos esportivos.<\/p>\n[\/team_member][\/vc_column_inner][\/vc_row_inner][\/vc_column][\/vc_row][vc_row type=&#8221;in_container&#8221; full_screen_row_position=&#8221;middle&#8221; column_margin=&#8221;default&#8221; column_direction=&#8221;default&#8221; column_direction_tablet=&#8221;default&#8221; column_direction_phone=&#8221;default&#8221; scene_position=&#8221;center&#8221; text_color=&#8221;dark&#8221; text_align=&#8221;left&#8221; row_border_radius=&#8221;none&#8221; row_border_radius_applies=&#8221;bg&#8221; overflow=&#8221;visible&#8221; overlay_strength=&#8221;0.3&#8243; gradient_direction=&#8221;left_to_right&#8221; shape_divider_position=&#8221;bottom&#8221; bg_image_animation=&#8221;none&#8221;][vc_column column_padding=&#8221;no-extra-padding&#8221; column_padding_tablet=&#8221;inherit&#8221; column_padding_phone=&#8221;inherit&#8221; column_padding_position=&#8221;all&#8221; column_element_direction_desktop=&#8221;default&#8221; column_element_spacing=&#8221;default&#8221; desktop_text_alignment=&#8221;default&#8221; tablet_text_alignment=&#8221;default&#8221; phone_text_alignment=&#8221;default&#8221; background_color_opacity=&#8221;1&#8243; background_hover_color_opacity=&#8221;1&#8243; column_backdrop_filter=&#8221;none&#8221; column_shadow=&#8221;none&#8221; column_border_radius=&#8221;none&#8221; column_link_target=&#8221;_self&#8221; column_position=&#8221;default&#8221; gradient_direction=&#8221;left_to_right&#8221; overlay_strength=&#8221;0.3&#8243; width=&#8221;1\/1&#8243; tablet_width_inherit=&#8221;default&#8221; animation_type=&#8221;default&#8221; bg_image_animation=&#8221;none&#8221; border_type=&#8221;simple&#8221; column_border_width=&#8221;none&#8221; column_border_style=&#8221;solid&#8221;][vc_gallery css=&#8221;&#8221; type=&#8221;image_grid&#8221; images=&#8221;6466,6465,6462,6461,6460,6459,6457,6456&#8243; image_grid_loading=&#8221;default&#8221; layout=&#8221;4&#8243; item_spacing=&#8221;default&#8221; gallery_style=&#8221;7&#8243; load_in_animation=&#8221;none&#8221;][\/vc_column][\/vc_row]\n","protected":false},"excerpt":{"rendered":"<p>[vc_row type=&#8221;full_width_content&#8221; full_screen_row_position=&#8221;middle&#8221; column_margin=&#8221;default&#8221; column_direction=&#8221;default&#8221; column_direction_tablet=&#8221;default&#8221; column_direction_phone=&#8221;default&#8221; scene_position=&#8221;center&#8221; top_padding=&#8221;5%&#8221; bottom_padding=&#8221;5%&#8221; left_padding_desktop=&#8221;6%&#8221; constrain_group_2=&#8221;yes&#8221; right_padding_desktop=&#8221;6%&#8221; top_padding_tablet=&#8221;10%&#8221; constrain_group_3=&#8221;yes&#8221; bottom_padding_tablet=&#8221;10%&#8221; text_color=&#8221;dark&#8221; text_align=&#8221;left&#8221; row_border_radius=&#8221;none&#8221; row_border_radius_applies=&#8221;bg&#8221; overflow=&#8221;visible&#8221; id=&#8221;team&#8221; advanced_gradient_angle=&#8221;0&#8243; overlay_strength=&#8221;0.3&#8243; gradient_direction=&#8221;left_to_right&#8221; shape_divider_position=&#8221;bottom&#8221; bg_image_animation=&#8221;none&#8221; gradient_type=&#8221;default&#8221; shape_type=&#8221;&#8221;][vc_column column_padding=&#8221;no-extra-padding&#8221;&#8230;<\/p>\n","protected":false},"author":1,"featured_media":6419,"parent":0,"menu_order":0,"comment_status":"closed","ping_status":"closed","template":"","meta":{"footnotes":""},"yst_prominent_words":[],"class_list":["post-6453","page","type-page","status-publish","has-post-thumbnail"],"_links":{"self":[{"href":"https:\/\/ewerthonacademy.com\/index.php?rest_route=\/wp\/v2\/pages\/6453","targetHints":{"allow":["GET"]}}],"collection":[{"href":"https:\/\/ewerthonacademy.com\/index.php?rest_route=\/wp\/v2\/pages"}],"about":[{"href":"https:\/\/ewerthonacademy.com\/index.php?rest_route=\/wp\/v2\/types\/page"}],"author":[{"embeddable":true,"href":"https:\/\/ewerthonacademy.com\/index.php?rest_route=\/wp\/v2\/users\/1"}],"replies":[{"embeddable":true,"href":"https:\/\/ewerthonacademy.com\/index.php?rest_route=%2Fwp%2Fv2%2Fcomments&post=6453"}],"version-history":[{"count":27,"href":"https:\/\/ewerthonacademy.com\/index.php?rest_route=\/wp\/v2\/pages\/6453\/revisions"}],"predecessor-version":[{"id":6540,"href":"https:\/\/ewerthonacademy.com\/index.php?rest_route=\/wp\/v2\/pages\/6453\/revisions\/6540"}],"wp:featuredmedia":[{"embeddable":true,"href":"https:\/\/ewerthonacademy.com\/index.php?rest_route=\/wp\/v2\/media\/6419"}],"wp:attachment":[{"href":"https:\/\/ewerthonacademy.com\/index.php?rest_route=%2Fwp%2Fv2%2Fmedia&parent=6453"}],"wp:term":[{"taxonomy":"yst_prominent_words","embeddable":true,"href":"https:\/\/ewerthonacademy.com\/index.php?rest_route=%2Fwp%2Fv2%2Fyst_prominent_words&post=6453"}],"curies":[{"name":"wp","href":"https:\/\/api.w.org\/{rel}","templated":true}]}}